{"id":2,"date":"2006-09-26T10:18:39","date_gmt":"2006-09-26T08:18:39","guid":{"rendered":""},"modified":"2007-12-11T14:27:25","modified_gmt":"2007-12-11T13:27:25","slug":"uber","status":"publish","type":"page","link":"http:\/\/www.ich-bin-gastfreund.de\/blog\/?page_id=2","title":{"rendered":"Impressum"},"content":{"rendered":"<p id=\"mainbody\">\n<p class=\"mainitem\">\n<h2>Eigent\u00fcmer:<\/h2>\n<p>Eine Initiative von: <strong>Die Gl\u00fccksucher<\/strong> (<a href=\"http:\/\/www.gluecksucher.de\/\" target=\"_blank\">www.gluecksucher.de<\/a>)<br \/>\nThomas Bebiolka und Kathleen Battke<br \/>\nBeringstra\u00dfe 14<br \/>\n53115 Bonn<br \/>\n0172 &#8211; 74 777 42<br \/>\n<a href=\"mailto:info@ich-bin-gastfreund.de\">info@ich-bin-gastfreund.de<\/a><br \/>\nSteuernummer: 47\/102\/04062<\/p>\n<h2>Webmaster:<\/h2>\n<p>Wolfgang Horbach<br \/>\nKontakt: <a href=\"mailto:Webmaster@ich-bin-gastfreund.de\">Webmaster@ich-bin-gastfreund.de<\/a><\/p>\n<h2>Haftungsausschluss:<\/h2>\n<p>Mit Aufruf der <strong>Ich bin GastfreunD<\/strong>-Website erkl\u00e4rt die Nutzerin \/ der Nutzer sein ausdr\u00fcckliches Einverst\u00e4ndnis mit folgendem:<\/p>\n<p>Die Initiatoren bieten auf dieser Seite nach bestem Wissen nur richtige und aktuelle Informationen an. Sie \u00fcbernehmen jedoch keinerlei Verantwortung oder Gew\u00e4hrleistung hinsichtlich der Aktualit\u00e4t und Richtigkeit und lehnen diesbez\u00fcgliche Verpflichtungen ausdr\u00fccklich ab. Alle NutzerInnen dieser Seite erkl\u00e4ren sich einverstanden, dass die Nutzung auf eigenes Risiko erfolgt.<\/p>\n<p>Die Initiatoren k\u00f6nnen nicht alle Inhalte der von Dritten angebotenen Webseiten regelm\u00e4\u00dfig \u00fcberpr\u00fcfen, zu denen von dieser Seite aus Links f\u00fchren. Die Initiatoren \u00fcbernehmen daher keine Verantwortung hinsichtlich der Richtigkeit oder sonstiger vorhandener oder fehlender Eigenschaften der dort enthaltenen Informationen. Alle NutzerInnen geben ihr Einverst\u00e4ndnis, dass die Links auf eigene Gefahr genutzt werden.<\/p>\n<h2>Copyright<\/h2>\n<p>Alle Rechte liegen bei den Initiatoren.<br \/>\nAll rights reserved by initiators.<\/p>\n","protected":false},"excerpt":{"rendered":"<p>Eigent\u00fcmer: Eine Initiative von: Die Gl\u00fccksucher (www.gluecksucher.de) Thomas Bebiolka und Kathleen Battke Beringstra\u00dfe 14 53115 Bonn 0172 &#8211; 74 777 42 info@ich-bin-gastfreund.de Steuernummer: 47\/102\/04062 Webmaster: Wolfgang Horbach Kontakt: Webmaster@ich-bin-gastfreund.de Haftungsausschluss: Mit Aufruf der Ich bin GastfreunD-Website erkl\u00e4rt die Nutzerin \/ der Nutzer sein ausdr\u00fcckliches Einverst\u00e4ndnis mit folgendem: Die Initiatoren bieten auf dieser Seite nach bestem [&hellip;]<\/p>\n","protected":false},"author":4,"featured_media":0,"parent":0,"menu_order":0,"comment_status":"open","ping_status":"open","template":"","meta":{"footnotes":""},"class_list":["post-2","page","type-page","status-publish","hentry"],"_links":{"self":[{"href":"http:\/\/www.ich-bin-gastfreund.de\/blog\/index.php?rest_route=\/wp\/v2\/pages\/2","targetHints":{"allow":["GET"]}}],"collection":[{"href":"http:\/\/www.ich-bin-gastfreund.de\/blog\/index.php?rest_route=\/wp\/v2\/pages"}],"about":[{"href":"http:\/\/www.ich-bin-gastfreund.de\/blog\/index.php?rest_route=\/wp\/v2\/types\/page"}],"author":[{"embeddable":true,"href":"http:\/\/www.ich-bin-gastfreund.de\/blog\/index.php?rest_route=\/wp\/v2\/users\/4"}],"replies":[{"embeddable":true,"href":"http:\/\/www.ich-bin-gastfreund.de\/blog\/index.php?rest_route=%2Fwp%2Fv2%2Fcomments&post=2"}],"version-history":[{"count":0,"href":"http:\/\/www.ich-bin-gastfreund.de\/blog\/index.php?rest_route=\/wp\/v2\/pages\/2\/revisions"}],"wp:attachment":[{"href":"http:\/\/www.ich-bin-gastfreund.de\/blog\/index.php?rest_route=%2Fwp%2Fv2%2Fmedia&parent=2"}],"curies":[{"name":"wp","href":"https:\/\/api.w.org\/{rel}","templated":true}]}}